{"id":12428,"date":"2016-12-06T00:42:32","date_gmt":"2016-12-06T00:42:32","guid":{"rendered":"http:\/\/uandarih.store\/en\/?page_id=12428"},"modified":"2017-02-15T17:16:35","modified_gmt":"2017-02-15T17:16:35","slug":"about-us","status":"publish","type":"page","link":"https:\/\/uandarih.store\/en\/about-us\/","title":{"rendered":"About us"},"content":{"rendered":"[spb_text_block pb_margin_bottom=&#8221;no&#8221; pb_border_bottom=&#8221;no&#8221; width=&#8221;1\/2&#8243; el_position=&#8221;first&#8221;]\n<p>Uandarih, as\u00ed se les llamaba a las personas que eran representantes de los diferentes grupos organizados ind\u00edgenas en Michoac\u00e1n.<\/p>\n<p>Somos una comunidad de artesanos mexicanos que implementamos dise\u00f1o y t\u00e9cnicas para mejorar la calidad de las artesan\u00edas mexicanas. Queremos acercar a nuestra comunidad con el resto de las personas a trav\u00e9s de piezas \u00fanicas llenas de magia y descubrir el Arte y Cultura de M\u00e9xico en cada detalle de sus obras.<\/p>\n<p>Todos nuestros productos est\u00e1n elaborados sin plomo, con t\u00e9cnicas tradicionales y por familias de artesanos tradicionales. Procuramos el cuidado del medio ambiente, la salud y el bienestar de todos los que nos involucramos en este proyecto.<\/p>\n<p>Colaboramos con la comunidad de manera inclusiva, otorgando herramientas para su propia formaci\u00f3n, desde cursos y talleres hasta dise\u00f1o y desarrollo de productos y promoci\u00f3n en el mercado. Participamos continuamente en ferias y distribuci\u00f3n a mayoristas y minoristas en el extranjero<\/p>\n<p>Nos especializamos en distribuir productos artesanales, principalmente cer\u00e1mica, ollas, cazuelas y art\u00edculos para la cocina, en M\u00e9xico y el extranjero.<\/p>\n<p>Para mayores informes o si tienes dudas o sugerencias, puedes encontrarnos de la siguiente manera<\/p>\n<p><b>Contacto<\/b><\/p>\n<p><a href=\"tel:+13234242401\">Tel: +1 323 424 2401<\/a><\/p>\n<p><a href=\"mailto:hola@uandarih.store\">hola@uandarih.store<\/a><\/p>\n<p>&nbsp;<\/p>\n[\/spb_text_block] [spb_text_block pb_margin_bottom=&#8221;no&#8221; pb_border_bottom=&#8221;no&#8221; width=&#8221;1\/4&#8243;]\n<p><img loading=\"lazy\" class=\"wp-image-12984 size-full aligncenter\" src=\"http:\/\/uandarih.store\/wp-content\/uploads\/2016\/12\/QS1.png\" width=\"709\" height=\"709\" srcset=\"https:\/\/uandarih.store\/wp-content\/uploads\/2016\/12\/QS1.png 709w, https:\/\/uandarih.store\/wp-content\/uploads\/2016\/12\/QS1-150x150.png 150w, https:\/\/uandarih.store\/wp-content\/uploads\/2016\/12\/QS1-300x300.png 300w, https:\/\/uandarih.store\/wp-content\/uploads\/2016\/12\/QS1-180x180.png 180w, https:\/\/uandarih.store\/wp-content\/uploads\/2016\/12\/QS1-600x600.png 600w\" sizes=\"(max-width: 709px) 100vw, 709px\" \/><\/p>\n<p><img loading=\"lazy\" class=\"size-full wp-image-12988 aligncenter\" src=\"http:\/\/uandarih.store\/wp-content\/uploads\/2016\/12\/QS3.png\" alt=\"\" width=\"709\" height=\"709\" srcset=\"https:\/\/uandarih.store\/wp-content\/uploads\/2016\/12\/QS3.png 709w, https:\/\/uandarih.store\/wp-content\/uploads\/2016\/12\/QS3-150x150.png 150w, https:\/\/uandarih.store\/wp-content\/uploads\/2016\/12\/QS3-300x300.png 300w, https:\/\/uandarih.store\/wp-content\/uploads\/2016\/12\/QS3-180x180.png 180w, https:\/\/uandarih.store\/wp-content\/uploads\/2016\/12\/QS3-600x600.png 600w\" sizes=\"(max-width: 709px) 100vw, 709px\" \/><\/p>\n[\/spb_text_block] [spb_text_block pb_margin_bottom=&#8221;no&#8221; pb_border_bottom=&#8221;no&#8221; width=&#8221;1\/4&#8243; el_position=&#8221;last&#8221;]\n<p><img loading=\"lazy\" class=\"wp-image-12986 size-full aligncenter\" src=\"http:\/\/uandarih.store\/wp-content\/uploads\/2016\/12\/QS2.png\" width=\"709\" height=\"709\" srcset=\"https:\/\/uandarih.store\/wp-content\/uploads\/2016\/12\/QS2.png 709w, https:\/\/uandarih.store\/wp-content\/uploads\/2016\/12\/QS2-150x150.png 150w, https:\/\/uandarih.store\/wp-content\/uploads\/2016\/12\/QS2-300x300.png 300w, https:\/\/uandarih.store\/wp-content\/uploads\/2016\/12\/QS2-180x180.png 180w, https:\/\/uandarih.store\/wp-content\/uploads\/2016\/12\/QS2-600x600.png 600w\" sizes=\"(max-width: 709px) 100vw, 709px\" \/><\/p>\n<p><img loading=\"lazy\" class=\"wp-image-12990 size-full aligncenter\" src=\"http:\/\/uandarih.store\/wp-content\/uploads\/2016\/12\/QS4.png\" width=\"709\" height=\"709\" srcset=\"https:\/\/uandarih.store\/wp-content\/uploads\/2016\/12\/QS4.png 709w, https:\/\/uandarih.store\/wp-content\/uploads\/2016\/12\/QS4-150x150.png 150w, https:\/\/uandarih.store\/wp-content\/uploads\/2016\/12\/QS4-300x300.png 300w, https:\/\/uandarih.store\/wp-content\/uploads\/2016\/12\/QS4-180x180.png 180w, https:\/\/uandarih.store\/wp-content\/uploads\/2016\/12\/QS4-600x600.png 600w\" sizes=\"(max-width: 709px) 100vw, 709px\" \/><\/p>\n[\/spb_text_block]\n","protected":false},"excerpt":{"rendered":"<p>[spb_text_block pb_margin_bottom=&#8221;no&#8221; pb_border_bottom=&#8221;no&#8221; width=&#8221;1\/2&#8243; el_position=&#8221;first&#8221;] Uandarih, as\u00ed se les llamaba a las personas que eran representantes de los diferentes grupos organizados ind\u00edgenas en Michoac\u00e1n. Somos una comunidad de artesanos mexicanos que implementamos dise\u00f1o y t\u00e9cnicas para mejorar la calidad de las artesan\u00edas mexicanas. Queremos acercar a nuestra comunidad con el resto de las personas a trav\u00e9s de piezas \u00fanicas llenas [&hellip;]<\/p>\n","protected":false},"author":1,"featured_media":0,"parent":0,"menu_order":2,"comment_status":"closed","ping_status":"closed","template":"","meta":[],"_links":{"self":[{"href":"https:\/\/uandarih.store\/en\/wp-json\/wp\/v2\/pages\/12428"}],"collection":[{"href":"https:\/\/uandarih.store\/en\/wp-json\/wp\/v2\/pages"}],"about":[{"href":"https:\/\/uandarih.store\/en\/wp-json\/wp\/v2\/types\/page"}],"author":[{"embeddable":true,"href":"https:\/\/uandarih.store\/en\/wp-json\/wp\/v2\/users\/1"}],"replies":[{"embeddable":true,"href":"https:\/\/uandarih.store\/en\/wp-json\/wp\/v2\/comments?post=12428"}],"version-history":[{"count":2,"href":"https:\/\/uandarih.store\/en\/wp-json\/wp\/v2\/pages\/12428\/revisions"}],"predecessor-version":[{"id":13009,"href":"https:\/\/uandarih.store\/en\/wp-json\/wp\/v2\/pages\/12428\/revisions\/13009"}],"wp:attachment":[{"href":"https:\/\/uandarih.store\/en\/wp-json\/wp\/v2\/media?parent=12428"}],"curies":[{"name":"wp","href":"https:\/\/api.w.org\/{rel}","templated":true}]}}